{"id":182,"date":"2025-10-08T17:48:44","date_gmt":"2025-10-08T17:48:44","guid":{"rendered":"https:\/\/cvltp.fr\/?page_id=182"},"modified":"2025-10-12T16:33:00","modified_gmt":"2025-10-12T16:33:00","slug":"point-location","status":"publish","type":"page","link":"https:\/\/cvltp.fr\/?page_id=182","title":{"rendered":"Point location"},"content":{"rendered":"\n<p><strong>A partir du mardi 08\/07\/2025 , le point location sera ouvert 7j\/7 en JUILLET et AOUT de 13h30 \u00e0 18h30 sans r\u00e9servation n\u00e9cessaire.<\/strong><\/p>\n\n\n\n<p><strong>Les locations restent possibles sur r\u00e9servation sur ces cr\u00e9neaux horaires par mail \u00e0 cvltp@free.fr<\/strong><\/p>\n\n\n\n<p><strong>ou par sms au 0682210674 pour d&rsquo;autres dates ou pour les grands groupes.<\/strong><\/p>\n\n\n\n<p>Embarcations \u00e0 votre disposition pour de belles balades sur le Cher Sauvage ou le Lac des 3 provinces&nbsp; :<\/p>\n\n\n\n<p>&#8211; <strong>Cano\u00e9s <\/strong>2 ou 3 places&nbsp;&nbsp;&nbsp;&nbsp;&nbsp; (\u00e0 partir de 18 euros le cano\u00e9 pour 1 heure)<\/p>\n\n\n\n<p>&#8211; <strong>Kayaks<\/strong> 1 place&nbsp;&nbsp;&nbsp;&nbsp;&nbsp;&nbsp;&nbsp;&nbsp;&nbsp;&nbsp;&nbsp;&nbsp;&nbsp;&nbsp;&nbsp; (\u00e0 partir de 13 euros le kayak pour 1 heure)<\/p>\n\n\n\n<p>&#8211; <strong>paddles g\u00e9ants<\/strong> (4 \u00e0 10 personnes par paddle et d\u00e8s 13 euros pour 1 heure)<\/p>\n\n\n\n<p>&#8211;<strong> paddles individuels&nbsp;&nbsp;&nbsp;&nbsp;&nbsp;&nbsp; <\/strong>(\u00e0 partir de 18 euros pour la premi\u00e8re heure)<\/p>\n\n\n\n<p>&#8211; <strong>P\u00e9dalos<\/strong> 2 ou 4 places&nbsp;&nbsp;&nbsp;&nbsp; (\u00e0 partir de 18 euros le p\u00e9dalo pour 1 heure)<\/p>\n\n\n\n<p>&#8211; <strong>barques <\/strong>(1 \u00e0 3 personnes y compris p\u00eacheurs) (\u00e0 partir de 18 euros pour la premi\u00e8re heure)<\/p>\n\n\n\n<p><strong>Tarifs d\u00e9gressifs pour 2 \u00e0 3 heures de location.<\/strong><\/p>\n\n\n\n<figure class=\"wp-block-image\"><img decoding=\"async\" src=\"https:\/\/admin.sportsregions.fr\/media\/uploaded\/sites\/13833\/kcupload\/images\/Sans%20titrdeqse%201.jpg\" alt=\"\"\/><\/figure>\n\n\n\n<p>Gilets de flottaison obligatoires fournis (ces locations sont ouvertes aux personnes sachant nager et \u00e0 partir de 6 ans).<\/p>\n\n\n\n<p>(possibilit\u00e9 d&rsquo;accueil de groupes, entreprises, associations \u00e0 la carte et de mai \u00e0 octobre sur simple demande \u00e0 cvltp@free.fr ou 0682210674 )<\/p>\n\n\n\n<figure class=\"wp-block-gallery has-nested-images columns-default is-cropped wp-block-gallery-1 is-layout-flex wp-block-gallery-is-layout-flex\">\n<figure class=\"wp-block-image size-large\"><img loading=\"lazy\" decoding=\"async\" width=\"1024\" height=\"576\" data-id=\"209\" src=\"https:\/\/cvltp.fr\/wp-content\/uploads\/2025\/10\/6467f3cdc81a1_20230513150112.jpg\" alt=\"\" class=\"wp-image-209\" srcset=\"https:\/\/cvltp.fr\/wp-content\/uploads\/2025\/10\/6467f3cdc81a1_20230513150112.jpg 1024w, https:\/\/cvltp.fr\/wp-content\/uploads\/2025\/10\/6467f3cdc81a1_20230513150112-300x169.jpg 300w, https:\/\/cvltp.fr\/wp-content\/uploads\/2025\/10\/6467f3cdc81a1_20230513150112-768x432.jpg 768w\" sizes=\"auto, (max-width: 1024px) 100vw, 1024px\" \/><\/figure>\n\n\n\n<figure class=\"wp-block-image size-large\"><img loading=\"lazy\" decoding=\"async\" width=\"1024\" height=\"576\" data-id=\"206\" src=\"https:\/\/cvltp.fr\/wp-content\/uploads\/2025\/10\/6467f4a909744_20220813183852.jpg\" alt=\"\" class=\"wp-image-206\" srcset=\"https:\/\/cvltp.fr\/wp-content\/uploads\/2025\/10\/6467f4a909744_20220813183852.jpg 1024w, https:\/\/cvltp.fr\/wp-content\/uploads\/2025\/10\/6467f4a909744_20220813183852-300x169.jpg 300w, https:\/\/cvltp.fr\/wp-content\/uploads\/2025\/10\/6467f4a909744_20220813183852-768x432.jpg 768w\" sizes=\"auto, (max-width: 1024px) 100vw, 1024px\" \/><\/figure>\n\n\n\n<figure class=\"wp-block-image size-large\"><img loading=\"lazy\" decoding=\"async\" width=\"1024\" height=\"768\" data-id=\"207\" src=\"https:\/\/cvltp.fr\/wp-content\/uploads\/2025\/10\/6467f38d81ddb_IMG20220720WA0005.jpg\" alt=\"\" class=\"wp-image-207\" srcset=\"https:\/\/cvltp.fr\/wp-content\/uploads\/2025\/10\/6467f38d81ddb_IMG20220720WA0005.jpg 1024w, https:\/\/cvltp.fr\/wp-content\/uploads\/2025\/10\/6467f38d81ddb_IMG20220720WA0005-300x225.jpg 300w, https:\/\/cvltp.fr\/wp-content\/uploads\/2025\/10\/6467f38d81ddb_IMG20220720WA0005-768x576.jpg 768w\" sizes=\"auto, (max-width: 1024px) 100vw, 1024px\" \/><\/figure>\n\n\n\n<figure class=\"wp-block-image size-large\"><img loading=\"lazy\" decoding=\"async\" width=\"1024\" height=\"768\" data-id=\"208\" src=\"https:\/\/cvltp.fr\/wp-content\/uploads\/2025\/10\/6467f3096a0c0_20220709170400.jpg\" alt=\"\" class=\"wp-image-208\" srcset=\"https:\/\/cvltp.fr\/wp-content\/uploads\/2025\/10\/6467f3096a0c0_20220709170400.jpg 1024w, https:\/\/cvltp.fr\/wp-content\/uploads\/2025\/10\/6467f3096a0c0_20220709170400-300x225.jpg 300w, https:\/\/cvltp.fr\/wp-content\/uploads\/2025\/10\/6467f3096a0c0_20220709170400-768x576.jpg 768w\" sizes=\"auto, (max-width: 1024px) 100vw, 1024px\" \/><\/figure>\n<\/figure>\n","protected":false},"excerpt":{"rendered":"<p>A partir du mardi 08\/07\/2025 , le point location sera ouvert 7j\/7 en JUILLET et AOUT de 13h30 \u00e0 18h30 [&hellip;]<\/p>\n","protected":false},"author":1,"featured_media":0,"parent":0,"menu_order":0,"comment_status":"closed","ping_status":"closed","template":"","meta":{"site-sidebar-layout":"default","site-content-layout":"","ast-site-content-layout":"default","site-content-style":"default","site-sidebar-style":"default","ast-global-header-display":"","ast-banner-title-visibility":"","ast-main-header-display":"","ast-hfb-above-header-display":"","ast-hfb-below-header-display":"","ast-hfb-mobile-header-display":"","site-post-title":"","ast-breadcrumbs-content":"","ast-featured-img":"","footer-sml-layout":"","theme-transparent-header-meta":"","adv-header-id-meta":"","stick-header-meta":"","header-above-stick-meta":"","header-main-stick-meta":"","header-below-stick-meta":"","astra-migrate-meta-layouts":"default","ast-page-background-enabled":"default","ast-page-background-meta":{"desktop":{"background-color":"var(--ast-global-color-5)","background-image":"","background-repeat":"repeat","background-position":"center center","background-size":"auto","background-attachment":"scroll","background-type":"","background-media":"","overlay-type":"","overlay-color":"","overlay-opacity":"","overlay-gradient":""},"tablet":{"background-color":"","background-image":"","background-repeat":"repeat","background-position":"center center","background-size":"auto","background-attachment":"scroll","background-type":"","background-media":"","overlay-type":"","overlay-color":"","overlay-opacity":"","overlay-gradient":""},"mobile":{"background-color":"","background-image":"","background-repeat":"repeat","background-position":"center center","background-size":"auto","background-attachment":"scroll","background-type":"","background-media":"","overlay-type":"","overlay-color":"","overlay-opacity":"","overlay-gradient":""}},"ast-content-background-meta":{"desktop":{"background-color":"var(--ast-global-color-4)","background-image":"","background-repeat":"repeat","background-position":"center center","background-size":"auto","background-attachment":"scroll","background-type":"","background-media":"","overlay-type":"","overlay-color":"","overlay-opacity":"","overlay-gradient":""},"tablet":{"background-color":"var(--ast-global-color-4)","background-image":"","background-repeat":"repeat","background-position":"center center","background-size":"auto","background-attachment":"scroll","background-type":"","background-media":"","overlay-type":"","overlay-color":"","overlay-opacity":"","overlay-gradient":""},"mobile":{"background-color":"var(--ast-global-color-4)","background-image":"","background-repeat":"repeat","background-position":"center center","background-size":"auto","background-attachment":"scroll","background-type":"","background-media":"","overlay-type":"","overlay-color":"","overlay-opacity":"","overlay-gradient":""}},"footnotes":""},"class_list":["post-182","page","type-page","status-publish","hentry"],"_links":{"self":[{"href":"https:\/\/cvltp.fr\/index.php?rest_route=\/wp\/v2\/pages\/182","targetHints":{"allow":["GET"]}}],"collection":[{"href":"https:\/\/cvltp.fr\/index.php?rest_route=\/wp\/v2\/pages"}],"about":[{"href":"https:\/\/cvltp.fr\/index.php?rest_route=\/wp\/v2\/types\/page"}],"author":[{"embeddable":true,"href":"https:\/\/cvltp.fr\/index.php?rest_route=\/wp\/v2\/users\/1"}],"replies":[{"embeddable":true,"href":"https:\/\/cvltp.fr\/index.php?rest_route=%2Fwp%2Fv2%2Fcomments&post=182"}],"version-history":[{"count":2,"href":"https:\/\/cvltp.fr\/index.php?rest_route=\/wp\/v2\/pages\/182\/revisions"}],"predecessor-version":[{"id":210,"href":"https:\/\/cvltp.fr\/index.php?rest_route=\/wp\/v2\/pages\/182\/revisions\/210"}],"wp:attachment":[{"href":"https:\/\/cvltp.fr\/index.php?rest_route=%2Fwp%2Fv2%2Fmedia&parent=182"}],"curies":[{"name":"wp","href":"https:\/\/api.w.org\/{rel}","templated":true}]}}