{"id":150,"date":"2025-10-08T17:18:23","date_gmt":"2025-10-08T17:18:23","guid":{"rendered":"https:\/\/cvltp.fr\/?page_id=150"},"modified":"2025-10-12T18:26:07","modified_gmt":"2025-10-12T18:26:07","slug":"bapteme-de-voile","status":"publish","type":"page","link":"https:\/\/cvltp.fr\/?page_id=150","title":{"rendered":"Bapt\u00eame de voile"},"content":{"rendered":"\n<h2 class=\"wp-block-heading\">Une apr\u00e8s-midi voile pour s&rsquo;initier \u00e0 la voile en douceur avec un adh\u00e9rent exp\u00e9riment\u00e9&#8230; c&rsquo;est possible sur simple demande en compl\u00e9tant le formulaire ci-dessous.<\/h2>\n\n\n\n<figure class=\"wp-block-image\"><img decoding=\"async\" src=\"https:\/\/admin.sportsregions.fr\/media\/uploaded\/sites\/13833\/kcupload\/images\/P1030269.JPG\" alt=\"\"\/><\/figure>\n\n\n\n<p>Nous vous contacterons rapidement par t\u00e9l\u00e9phone afin de confirmer une date pour ce Bapt\u00e8me de Voile.<\/p>\n\n\n\n<p>L\u2019objectif est notamment de vous montrer les rudiments de la navigation \u00e0 la voile (conduite \/ r\u00e9glages des voiles) tout en profitant du cadre nature exceptionnel du Lac des 3 Provinces.<\/p>\n\n\n\n<p>En famille, entre amis, c\u2019est le premier pas de la navigation \u00e0 la voile. C&rsquo;est possible d&rsquo;associer de 1 \u00e0 4 personnes \u00e0 cette d\u00e9couverte.<\/p>\n\n\n\n<p><strong>Possible en semaine et week-end d<em>&lsquo;avril \u00e0 octobre : de 14h \u00e0 16h30<\/em><\/strong><\/p>\n\n\n\n<p><em>Cela peut-\u00eatre aussi une belle id\u00e9e de cadeau pour un ou plusieurs de vos proches et une exp\u00e9rience agr\u00e9able.<\/em><\/p>\n\n\n\n<p><em>Une participation de 15 euros par personne vous sera demand\u00e9e.<\/em><\/p>\n\n\n<style id=\"wpforms-css-vars-245-block-99c778bb-d9ec-4605-9370-c956b8464349\">\n\t\t\t\t#wpforms-245.wpforms-block-99c778bb-d9ec-4605-9370-c956b8464349 {\n\t\t\t\t--wpforms-field-size-input-height: 43px;\n--wpforms-field-size-input-spacing: 15px;\n--wpforms-field-size-font-size: 16px;\n--wpforms-field-size-line-height: 19px;\n--wpforms-field-size-padding-h: 14px;\n--wpforms-field-size-checkbox-size: 16px;\n--wpforms-field-size-sublabel-spacing: 5px;\n--wpforms-field-size-icon-size: 1;\n--wpforms-label-size-font-size: 16px;\n--wpforms-label-size-line-height: 19px;\n--wpforms-label-size-sublabel-font-size: 14px;\n--wpforms-label-size-sublabel-line-height: 17px;\n--wpforms-button-size-font-size: 17px;\n--wpforms-button-size-height: 41px;\n--wpforms-button-size-padding-h: 15px;\n--wpforms-button-size-margin-top: 10px;\n\t\t\t}\n\t\t\t<\/style><div class=\"wpforms-container wpforms-container-full wpforms-block wpforms-block-99c778bb-d9ec-4605-9370-c956b8464349 wpforms-render-modern\" id=\"wpforms-245\"><form id=\"wpforms-form-245\" class=\"wpforms-validate wpforms-form wpforms-ajax-form\" data-formid=\"245\" method=\"post\" enctype=\"multipart\/form-data\" action=\"\/index.php?rest_route=%2Fwp%2Fv2%2Fpages%2F150\" data-token=\"e0683e7fb2c8b7d0e8613c9e10b6a31e\" data-token-time=\"1776360323\"><noscript class=\"wpforms-error-noscript\">Veuillez activer JavaScript dans votre navigateur pour remplir ce formulaire.<\/noscript><div id=\"wpforms-error-noscript\" style=\"display: none;\">Veuillez activer JavaScript dans votre navigateur pour remplir ce formulaire.<\/div><div class=\"wpforms-field-container\"><div id=\"wpforms-245-field_2-container\" class=\"wpforms-field wpforms-field-radio\" data-field-id=\"2\"><fieldset><legend class=\"wpforms-field-label\">Pour qui est cette inscription ?<\/legend><ul id=\"wpforms-245-field_2\"><li class=\"choice-1 depth-1\"><input type=\"radio\" id=\"wpforms-245-field_2_1\" name=\"wpforms[fields][2]\" value=\"Je souhaite m&#039;inscrire personnellement\" aria-errormessage=\"wpforms-245-field_2_1-error\"  ><label class=\"wpforms-field-label-inline\" for=\"wpforms-245-field_2_1\">Je souhaite m&rsquo;inscrire personnellement<\/label><\/li><li class=\"choice-2 depth-1\"><input type=\"radio\" id=\"wpforms-245-field_2_2\" name=\"wpforms[fields][2]\" value=\"Je souhaite inscrire quelqu&#039;un d&#039;autre\" aria-errormessage=\"wpforms-245-field_2_2-error\"  ><label class=\"wpforms-field-label-inline\" for=\"wpforms-245-field_2_2\">Je souhaite inscrire quelqu&rsquo;un d&rsquo;autre<\/label><\/li><\/ul><\/fieldset><\/div><div id=\"wpforms-245-field_3-container\" class=\"wpforms-field wpforms-field-name\" data-field-id=\"3\"><fieldset><legend class=\"wpforms-field-label\">Nom <span class=\"wpforms-required-label\" aria-hidden=\"true\">*<\/span><\/legend><div class=\"wpforms-field-row wpforms-field-medium\"><div class=\"wpforms-field-row-block wpforms-first wpforms-one-half\"><input type=\"text\" id=\"wpforms-245-field_3\" class=\"wpforms-field-name-first wpforms-field-required\" name=\"wpforms[fields][3][first]\" aria-errormessage=\"wpforms-245-field_3-error\" required><label for=\"wpforms-245-field_3\" class=\"wpforms-field-sublabel after\">Pr\u00e9nom<\/label><\/div><div class=\"wpforms-field-row-block wpforms-one-half\"><input type=\"text\" id=\"wpforms-245-field_3-last\" class=\"wpforms-field-name-last wpforms-field-required\" name=\"wpforms[fields][3][last]\" aria-errormessage=\"wpforms-245-field_3-last-error\" required><label for=\"wpforms-245-field_3-last\" class=\"wpforms-field-sublabel after\">Nom<\/label><\/div><\/div><\/fieldset><\/div><div id=\"wpforms-245-field_4-container\" class=\"wpforms-field wpforms-field-text\" data-field-id=\"4\"><label class=\"wpforms-field-label\" for=\"wpforms-245-field_4\">Adresse <\/label><input type=\"text\" id=\"wpforms-245-field_4\" class=\"wpforms-field-medium\" name=\"wpforms[fields][4]\" aria-errormessage=\"wpforms-245-field_4-error\" ><\/div><div id=\"wpforms-245-field_5-container\" class=\"wpforms-field wpforms-field-text\" data-field-id=\"5\"><label class=\"wpforms-field-label\" for=\"wpforms-245-field_5\">code postale<\/label><input type=\"text\" id=\"wpforms-245-field_5\" class=\"wpforms-field-medium\" name=\"wpforms[fields][5]\" aria-errormessage=\"wpforms-245-field_5-error\" ><\/div><div id=\"wpforms-245-field_6-container\" class=\"wpforms-field wpforms-field-text\" data-field-id=\"6\"><label class=\"wpforms-field-label\" for=\"wpforms-245-field_6\">ville<\/label><input type=\"text\" id=\"wpforms-245-field_6\" class=\"wpforms-field-medium\" name=\"wpforms[fields][6]\" aria-errormessage=\"wpforms-245-field_6-error\" ><\/div>\t\t<div id=\"wpforms-245-field_1-container\"\n\t\t\tclass=\"wpforms-field wpforms-field-text\"\n\t\t\tdata-field-type=\"text\"\n\t\t\tdata-field-id=\"1\"\n\t\t\t>\n\t\t\t<label class=\"wpforms-field-label\" for=\"wpforms-245-field_1\" >E-mail personne est<\/label>\n\t\t\t<input type=\"text\" id=\"wpforms-245-field_1\" class=\"wpforms-field-medium\" name=\"wpforms[fields][1]\" >\n\t\t<\/div>\n\t\t<div id=\"wpforms-245-field_11-container\" class=\"wpforms-field wpforms-field-email\" data-field-id=\"11\"><label class=\"wpforms-field-label\" for=\"wpforms-245-field_11\">E-mail <span class=\"wpforms-required-label\" aria-hidden=\"true\">*<\/span><\/label><input type=\"email\" id=\"wpforms-245-field_11\" class=\"wpforms-field-medium wpforms-field-required\" name=\"wpforms[fields][11]\" spellcheck=\"false\" aria-errormessage=\"wpforms-245-field_11-error\" required><\/div><div id=\"wpforms-245-field_7-container\" class=\"wpforms-field wpforms-field-text\" data-field-id=\"7\"><label class=\"wpforms-field-label\" for=\"wpforms-245-field_7\">num\u00e9ro de t\u00e9l\u00e9phone<\/label><input type=\"text\" id=\"wpforms-245-field_7\" class=\"wpforms-field-medium\" name=\"wpforms[fields][7]\" aria-errormessage=\"wpforms-245-field_7-error\" ><\/div><div id=\"wpforms-245-field_8-container\" class=\"wpforms-field wpforms-field-text\" data-field-id=\"8\"><label class=\"wpforms-field-label\" for=\"wpforms-245-field_8\">date (JJ\/MM\/AAAA<\/label><input type=\"text\" id=\"wpforms-245-field_8\" class=\"wpforms-field-medium\" name=\"wpforms[fields][8]\" aria-errormessage=\"wpforms-245-field_8-error\" ><\/div><div id=\"wpforms-245-field_10-container\" class=\"wpforms-field wpforms-field-number-slider\" data-field-id=\"10\"><label class=\"wpforms-field-label\" for=\"wpforms-245-field_10\">Nombre de personne souhait\u00e9<\/label>\n<input\n\ttype=\"range\"\n\tid=\"wpforms-245-field_10\" class=\"wpforms-field-medium\" name=\"wpforms[fields][10]\" value=\"1\" aria-errormessage=\"wpforms-245-field_10-error\"\t\tmin=\"1\"\n\tmax=\"4\"\n\tstep=\"1\">\n\n<div class=\"wpforms-field-number-slider-hint\"\n\tdata-hint=\"Valeur s\u00e9lectionn\u00e9e\u00a0: {value}\">\n\tValeur s\u00e9lectionn\u00e9e\u00a0: <b>1<\/b><\/div>\n<\/div><script>\n\t\t\t\t( function() {\n\t\t\t\t\tconst style = document.createElement( 'style' );\n\t\t\t\t\tstyle.appendChild( document.createTextNode( '#wpforms-245-field_1-container { position: absolute !important; overflow: hidden !important; display: inline !important; height: 1px !important; width: 1px !important; z-index: -1000 !important; padding: 0 !important; } #wpforms-245-field_1-container input { visibility: hidden; } #wpforms-conversational-form-page #wpforms-245-field_1-container label { counter-increment: none; }' ) );\n\t\t\t\t\tdocument.head.appendChild( style );\n\t\t\t\t\tdocument.currentScript?.remove();\n\t\t\t\t} )();\n\t\t\t<\/script><\/div><!-- .wpforms-field-container --><div class=\"wpforms-submit-container\" ><input type=\"hidden\" name=\"wpforms[id]\" value=\"245\"><input type=\"hidden\" name=\"page_title\" value=\"\"><input type=\"hidden\" name=\"page_url\" value=\"https:\/\/cvltp.fr\/index.php?rest_route=\/wp\/v2\/pages\/150\"><input type=\"hidden\" name=\"url_referer\" value=\"\"><button type=\"submit\" name=\"wpforms[submit]\" id=\"wpforms-submit-245\" class=\"wpforms-submit\" data-alt-text=\"Envoi...\" data-submit-text=\"Envoyer\" aria-live=\"assertive\" value=\"wpforms-submit\">Envoyer<\/button><img loading=\"lazy\" decoding=\"async\" src=\"https:\/\/cvltp.fr\/wp-content\/plugins\/wpforms-lite\/assets\/images\/submit-spin.svg\" class=\"wpforms-submit-spinner\" style=\"display: none;\" width=\"26\" height=\"26\" alt=\"Chargement en cours\"><\/div><\/form><\/div>  <!-- .wpforms-container -->","protected":false},"excerpt":{"rendered":"<p>Une apr\u00e8s-midi voile pour s&rsquo;initier \u00e0 la voile en douceur avec un adh\u00e9rent exp\u00e9riment\u00e9&#8230; c&rsquo;est possible sur simple demande en [&hellip;]<\/p>\n","protected":false},"author":1,"featured_media":0,"parent":0,"menu_order":0,"comment_status":"closed","ping_status":"closed","template":"","meta":{"site-sidebar-layout":"default","site-content-layout":"","ast-site-content-layout":"default","site-content-style":"default","site-sidebar-style":"default","ast-global-header-display":"","ast-banner-title-visibility":"","ast-main-header-display":"","ast-hfb-above-header-display":"","ast-hfb-below-header-display":"","ast-hfb-mobile-header-display":"","site-post-title":"","ast-breadcrumbs-content":"","ast-featured-img":"","footer-sml-layout":"","theme-transparent-header-meta":"","adv-header-id-meta":"","stick-header-meta":"","header-above-stick-meta":"","header-main-stick-meta":"","header-below-stick-meta":"","astra-migrate-meta-layouts":"default","ast-page-background-enabled":"default","ast-page-background-meta":{"desktop":{"background-color":"var(--ast-global-color-5)","background-image":"","background-repeat":"repeat","background-position":"center center","background-size":"auto","background-attachment":"scroll","background-type":"","background-media":"","overlay-type":"","overlay-color":"","overlay-opacity":"","overlay-gradient":""},"tablet":{"background-color":"","background-image":"","background-repeat":"repeat","background-position":"center center","background-size":"auto","background-attachment":"scroll","background-type":"","background-media":"","overlay-type":"","overlay-color":"","overlay-opacity":"","overlay-gradient":""},"mobile":{"background-color":"","background-image":"","background-repeat":"repeat","background-position":"center center","background-size":"auto","background-attachment":"scroll","background-type":"","background-media":"","overlay-type":"","overlay-color":"","overlay-opacity":"","overlay-gradient":""}},"ast-content-background-meta":{"desktop":{"background-color":"var(--ast-global-color-4)","background-image":"","background-repeat":"repeat","background-position":"center center","background-size":"auto","background-attachment":"scroll","background-type":"","background-media":"","overlay-type":"","overlay-color":"","overlay-opacity":"","overlay-gradient":""},"tablet":{"background-color":"var(--ast-global-color-4)","background-image":"","background-repeat":"repeat","background-position":"center center","background-size":"auto","background-attachment":"scroll","background-type":"","background-media":"","overlay-type":"","overlay-color":"","overlay-opacity":"","overlay-gradient":""},"mobile":{"background-color":"var(--ast-global-color-4)","background-image":"","background-repeat":"repeat","background-position":"center center","background-size":"auto","background-attachment":"scroll","background-type":"","background-media":"","overlay-type":"","overlay-color":"","overlay-opacity":"","overlay-gradient":""}},"footnotes":""},"class_list":["post-150","page","type-page","status-publish","hentry"],"_links":{"self":[{"href":"https:\/\/cvltp.fr\/index.php?rest_route=\/wp\/v2\/pages\/150","targetHints":{"allow":["GET"]}}],"collection":[{"href":"https:\/\/cvltp.fr\/index.php?rest_route=\/wp\/v2\/pages"}],"about":[{"href":"https:\/\/cvltp.fr\/index.php?rest_route=\/wp\/v2\/types\/page"}],"author":[{"embeddable":true,"href":"https:\/\/cvltp.fr\/index.php?rest_route=\/wp\/v2\/users\/1"}],"replies":[{"embeddable":true,"href":"https:\/\/cvltp.fr\/index.php?rest_route=%2Fwp%2Fv2%2Fcomments&post=150"}],"version-history":[{"count":3,"href":"https:\/\/cvltp.fr\/index.php?rest_route=\/wp\/v2\/pages\/150\/revisions"}],"predecessor-version":[{"id":249,"href":"https:\/\/cvltp.fr\/index.php?rest_route=\/wp\/v2\/pages\/150\/revisions\/249"}],"wp:attachment":[{"href":"https:\/\/cvltp.fr\/index.php?rest_route=%2Fwp%2Fv2%2Fmedia&parent=150"}],"curies":[{"name":"wp","href":"https:\/\/api.w.org\/{rel}","templated":true}]}}