{"id":140,"date":"2025-10-08T17:10:43","date_gmt":"2025-10-08T17:10:43","guid":{"rendered":"https:\/\/cvltp.fr\/?page_id=140"},"modified":"2025-10-12T17:11:20","modified_gmt":"2025-10-12T17:11:20","slug":"ecole-de-voile-enfant","status":"publish","type":"page","link":"https:\/\/cvltp.fr\/?page_id=140","title":{"rendered":"\u00c9cole de voile Enfant"},"content":{"rendered":"\n<p>Pour&nbsp;<strong>d\u00e9couvrir<\/strong>&nbsp;et&nbsp;<strong>apprendre<\/strong>&nbsp;la voile dans une bonne ambiance,&nbsp;rien de tel que l\u2019\u00e9cole de voile de Seigy\/St-Aignan sur Cher.&nbsp;L\u2019objectif est de progresser <strong>pour le plaisir<\/strong>, ou pourquoi pas s\u2019orienter progressivement vers la&nbsp;<strong>comp\u00e9tition<\/strong>.<\/p>\n\n\n\n<p><strong><u>Encadrement :<\/u><\/strong>&nbsp;Alois VERKEST, Moniteur de Voile Dipl\u00f4m\u00e9 d&rsquo;Etat Voile (et Ancien Champion d&rsquo;Europe 2019 sur Fireball)<\/p>\n\n\n\n<p><strong><u>Dates \/ Horaires&nbsp;:<\/u><\/strong>&nbsp;de Mars \u00e0 Novembre,&nbsp;sur de nombreux Samedis (hors vacances scolares)<\/p>\n\n\n\n<p>&nbsp; &nbsp; &nbsp; &nbsp; &nbsp; &nbsp; &nbsp; &nbsp; &nbsp; &nbsp; &nbsp; &nbsp; &nbsp; &nbsp; &nbsp; &nbsp; <strong>De 14h00 \u00e0 17h pour les enfants et adolescents<\/strong><\/p>\n\n\n\n<p><strong>(calendrier sur la suite de 2025 : <\/strong>29 mars, 5-12-26 avril, 3-24 mai, 7-14-28 juin, 5 juillet, 6-13-27 sept, 4-11-18 oct, 1er nov)<\/p>\n\n\n\n<p><strong><u>Mat\u00e9riel :<\/u><\/strong>&nbsp;fourni par le Club (d\u00e9riveur, gilet de flottaison,&#8230;)<\/p>\n\n\n\n<p>L\u2019\u00e9cole de voile est une opportunit\u00e9 pour&nbsp;<strong>apprendre<\/strong><strong>&nbsp;un<\/strong>&nbsp;<strong>sport original et accessible \u00e0 tous<\/strong>.&nbsp;<\/p>\n\n\n\n<p>Les moussaillons ont la possibilit\u00e9 de suivre l&rsquo;\u00e9cole de Voile avec leur propre d\u00e9riveur ou un mis \u00e0 disposition par le Club&nbsp;<\/p>\n\n\n\n<p><strong>Tarifs 2025 :<\/strong>&nbsp;Forfait <strong>230 <\/strong>\u20ac pour environ 17 s\u00e9ances (ou 20 \u20ac la s\u00e9ance si ponctuel). Des r\u00e9gates adapt\u00e9es \u00e0 tout niveau pourront \u00eatre propos\u00e9es.<\/p>\n\n\n\n<ul class=\"wp-block-list\">\n<li>La Licence Adh\u00e9sion Club annuelle 2025 \u00e0 pr\u00e9voir \u00e9galement si non encore souscrite (52 \u20ac pour un mineur)<\/li>\n\n\n\n<li>Entr\u00e9e en cours d&rsquo;ann\u00e9e proratis\u00e9e possible<\/li>\n\n\n\n<li>R\u00e9duction jusqu&rsquo;\u00e0 -30% pour les Quotients familieux inf\u00e9rieurs \u00e0 999 (nous consulter pour la grille)<\/li>\n\n\n\n<li><strong>Les aides financi\u00e8res \u00e0 la pratique de la voile sont recens\u00e9es ici : https:\/\/cvltp.sportsregions.fr\/en-savoir-plus\/aides-jeunes-voile-156772<\/strong><\/li>\n\n\n\n<li>1 s\u00e9ance d&rsquo;essaie est possible sur simple demande\u00a0 par mail ou t\u00e9l\u00e9phone ou en renvoyant le formulaire ci-dessous<\/li>\n<\/ul>\n\n\n\n<p><strong><u>Inscriptions<\/u> :<\/strong>&nbsp;je compl\u00e8te le formulaire en ligne ci-dessous avec plusieurs moyens de paiement possibles<\/p>\n\n\n\n<p>(Il est aussi possible d&rsquo;imprimer le formulaire et de compl\u00e8ter le dossier d&rsquo;inscription 2025 pdf ci-dessous, de le renvoyer par scan mail \u00e0 cvltp@free.fr et de transmettre votre r\u00e8glement \u00e0 l&rsquo;adresse indiqu\u00e9e surle formulaire)<\/p>\n\n\n\n<p><strong>Renseignements :<\/strong>&nbsp; cvltp@free.fr&nbsp; &nbsp;ou&nbsp; &nbsp; 06 82 21 06 74<\/p>\n\n\n\n<figure class=\"wp-block-image\"><img decoding=\"async\" src=\"https:\/\/admin.sportsregions.fr\/media\/uploaded\/sites\/13833\/kcupload\/images\/20220910_145611.jpg\" alt=\"\"\/><\/figure>\n\n\n\n<div data-wp-interactive=\"core\/file\" class=\"wp-block-file\"><object data-wp-bind--hidden=\"!state.hasPdfPreview\" hidden class=\"wp-block-file__embed\" data=\"https:\/\/cvltp.fr\/wp-content\/uploads\/2025\/10\/Dossier-inscription-EDV-2025-mineurs.doc-formulaireinscrptionmineurs2025coledevoile.pdf\" type=\"application\/pdf\" style=\"width:100%;height:600px\" aria-label=\"Contenu embarqu\u00e9 Dossier inscription EDV 2025 mineurs.doc - formulaireinscrptionmineurs2025coledevoile.\"><\/object><a id=\"wp-block-file--media-e22c45c2-2a69-408f-a866-572eec194438\" href=\"https:\/\/cvltp.fr\/wp-content\/uploads\/2025\/10\/Dossier-inscription-EDV-2025-mineurs.doc-formulaireinscrptionmineurs2025coledevoile.pdf\">Dossier inscription EDV 2025 mineurs.doc &#8211; formulaireinscrptionmineurs2025coledevoile<\/a><a href=\"https:\/\/cvltp.fr\/wp-content\/uploads\/2025\/10\/Dossier-inscription-EDV-2025-mineurs.doc-formulaireinscrptionmineurs2025coledevoile.pdf\" class=\"wp-block-file__button wp-element-button\" download aria-describedby=\"wp-block-file--media-e22c45c2-2a69-408f-a866-572eec194438\">T\u00e9l\u00e9charger<\/a><\/div>\n","protected":false},"excerpt":{"rendered":"<p>Pour&nbsp;d\u00e9couvrir&nbsp;et&nbsp;apprendre&nbsp;la voile dans une bonne ambiance,&nbsp;rien de tel que l\u2019\u00e9cole de voile de Seigy\/St-Aignan sur Cher.&nbsp;L\u2019objectif est de progresser pour [&hellip;]<\/p>\n","protected":false},"author":1,"featured_media":0,"parent":0,"menu_order":0,"comment_status":"closed","ping_status":"closed","template":"","meta":{"site-sidebar-layout":"default","site-content-layout":"","ast-site-content-layout":"default","site-content-style":"default","site-sidebar-style":"default","ast-global-header-display":"","ast-banner-title-visibility":"","ast-main-header-display":"","ast-hfb-above-header-display":"","ast-hfb-below-header-display":"","ast-hfb-mobile-header-display":"","site-post-title":"","ast-breadcrumbs-content":"","ast-featured-img":"","footer-sml-layout":"","theme-transparent-header-meta":"","adv-header-id-meta":"","stick-header-meta":"","header-above-stick-meta":"","header-main-stick-meta":"","header-below-stick-meta":"","astra-migrate-meta-layouts":"default","ast-page-background-enabled":"default","ast-page-background-meta":{"desktop":{"background-color":"var(--ast-global-color-5)","background-image":"","background-repeat":"repeat","background-position":"center center","background-size":"auto","background-attachment":"scroll","background-type":"","background-media":"","overlay-type":"","overlay-color":"","overlay-opacity":"","overlay-gradient":""},"tablet":{"background-color":"","background-image":"","background-repeat":"repeat","background-position":"center center","background-size":"auto","background-attachment":"scroll","background-type":"","background-media":"","overlay-type":"","overlay-color":"","overlay-opacity":"","overlay-gradient":""},"mobile":{"background-color":"","background-image":"","background-repeat":"repeat","background-position":"center center","background-size":"auto","background-attachment":"scroll","background-type":"","background-media":"","overlay-type":"","overlay-color":"","overlay-opacity":"","overlay-gradient":""}},"ast-content-background-meta":{"desktop":{"background-color":"var(--ast-global-color-4)","background-image":"","background-repeat":"repeat","background-position":"center center","background-size":"auto","background-attachment":"scroll","background-type":"","background-media":"","overlay-type":"","overlay-color":"","overlay-opacity":"","overlay-gradient":""},"tablet":{"background-color":"var(--ast-global-color-4)","background-image":"","background-repeat":"repeat","background-position":"center center","background-size":"auto","background-attachment":"scroll","background-type":"","background-media":"","overlay-type":"","overlay-color":"","overlay-opacity":"","overlay-gradient":""},"mobile":{"background-color":"var(--ast-global-color-4)","background-image":"","background-repeat":"repeat","background-position":"center center","background-size":"auto","background-attachment":"scroll","background-type":"","background-media":"","overlay-type":"","overlay-color":"","overlay-opacity":"","overlay-gradient":""}},"footnotes":""},"class_list":["post-140","page","type-page","status-publish","hentry"],"_links":{"self":[{"href":"https:\/\/cvltp.fr\/index.php?rest_route=\/wp\/v2\/pages\/140","targetHints":{"allow":["GET"]}}],"collection":[{"href":"https:\/\/cvltp.fr\/index.php?rest_route=\/wp\/v2\/pages"}],"about":[{"href":"https:\/\/cvltp.fr\/index.php?rest_route=\/wp\/v2\/types\/page"}],"author":[{"embeddable":true,"href":"https:\/\/cvltp.fr\/index.php?rest_route=\/wp\/v2\/users\/1"}],"replies":[{"embeddable":true,"href":"https:\/\/cvltp.fr\/index.php?rest_route=%2Fwp%2Fv2%2Fcomments&post=140"}],"version-history":[{"count":2,"href":"https:\/\/cvltp.fr\/index.php?rest_route=\/wp\/v2\/pages\/140\/revisions"}],"predecessor-version":[{"id":231,"href":"https:\/\/cvltp.fr\/index.php?rest_route=\/wp\/v2\/pages\/140\/revisions\/231"}],"wp:attachment":[{"href":"https:\/\/cvltp.fr\/index.php?rest_route=%2Fwp%2Fv2%2Fmedia&parent=140"}],"curies":[{"name":"wp","href":"https:\/\/api.w.org\/{rel}","templated":true}]}}